{"id":505,"date":"2015-11-14T14:12:04","date_gmt":"2015-11-14T19:12:04","guid":{"rendered":"http:\/\/world.350.org\/tierractivaperu\/?page_id=505"},"modified":"2015-11-14T21:09:28","modified_gmt":"2015-11-15T02:09:28","slug":"alternativas","status":"publish","type":"page","link":"https:\/\/world.350.org\/tierractiva\/alternativas\/","title":{"rendered":"ALTERNATIVAS"},"content":{"rendered":"<p>\u00abOtro mundo no es solamente posible, sino que est\u00e1 de camino. Quiz\u00e1s muchos y muchas no estaremos para darle la bienvenida, pero en un d\u00eda muy tranquilo, si escucho con mucha atenci\u00f3n, puedo o\u00edr su respiraci\u00f3n\u201d &#8211; Arundhati Roy.<\/p>\n<p><a href=\"https:\/\/www.scribd.com\/doc\/289703093\/SOMOS-CAMBIO-Manual-sobre-alternativas-y-transiciones-frente-al-cambio-climatico-para-jovenes-activistas\" target=\"_blank\">Puedes acceder a la versi\u00f3n en PDF aqu\u00ed. <\/a><\/p>\n<p>&nbsp;<\/p>\n<a href=\"http:\/\/world.350.org\/tierractivaperu\/files\/2015\/11\/alternativas1.png\"><img loading=\"lazy\" decoding=\"async\" class=\"aligncenter size-full wp-image-520\" src=\"http:\/\/world.350.org\/tierractivaperu\/files\/2015\/11\/alternativas1.png\" alt=\"alternativas1\" width=\"1040\" height=\"736\" srcset=\"https:\/\/world.350.org\/tierractiva\/files\/2015\/11\/alternativas1.png 1040w, https:\/\/world.350.org\/tierractiva\/files\/2015\/11\/alternativas1-300x212.png 300w, https:\/\/world.350.org\/tierractiva\/files\/2015\/11\/alternativas1-1024x725.png 1024w, https:\/\/world.350.org\/tierractiva\/files\/2015\/11\/alternativas1-430x304.png 430w\" sizes=\"auto, (max-width: 1040px) 100vw, 1040px\" \/><\/a> <a href=\"http:\/\/world.350.org\/tierractivaperu\/files\/2015\/11\/alternativas2.png\"><img loading=\"lazy\" decoding=\"async\" class=\"aligncenter size-full wp-image-521\" src=\"http:\/\/world.350.org\/tierractivaperu\/files\/2015\/11\/alternativas2.png\" alt=\"alternativas2\" width=\"1040\" height=\"734\" srcset=\"https:\/\/world.350.org\/tierractiva\/files\/2015\/11\/alternativas2.png 1040w, https:\/\/world.350.org\/tierractiva\/files\/2015\/11\/alternativas2-300x212.png 300w, https:\/\/world.350.org\/tierractiva\/files\/2015\/11\/alternativas2-1024x723.png 1024w, https:\/\/world.350.org\/tierractiva\/files\/2015\/11\/alternativas2-430x303.png 430w\" sizes=\"auto, (max-width: 1040px) 100vw, 1040px\" \/><\/a> <a href=\"http:\/\/world.350.org\/tierractivaperu\/files\/2015\/11\/alternativas3.png\"><img loading=\"lazy\" decoding=\"async\" class=\"aligncenter size-full wp-image-522\" src=\"http:\/\/world.350.org\/tierractivaperu\/files\/2015\/11\/alternativas3.png\" alt=\"alternativas3\" width=\"1040\" height=\"731\" srcset=\"https:\/\/world.350.org\/tierractiva\/files\/2015\/11\/alternativas3.png 1040w, https:\/\/world.350.org\/tierractiva\/files\/2015\/11\/alternativas3-300x211.png 300w, https:\/\/world.350.org\/tierractiva\/files\/2015\/11\/alternativas3-1024x720.png 1024w, https:\/\/world.350.org\/tierractiva\/files\/2015\/11\/alternativas3-430x302.png 430w\" sizes=\"auto, (max-width: 1040px) 100vw, 1040px\" \/><\/a> <a href=\"http:\/\/world.350.org\/tierractivaperu\/files\/2015\/11\/alternativas4.png\"><img loading=\"lazy\" decoding=\"async\" class=\"aligncenter size-full wp-image-523\" src=\"http:\/\/world.350.org\/tierractivaperu\/files\/2015\/11\/alternativas4.png\" alt=\"alternativas4\" width=\"1041\" height=\"731\" srcset=\"https:\/\/world.350.org\/tierractiva\/files\/2015\/11\/alternativas4.png 1041w, https:\/\/world.350.org\/tierractiva\/files\/2015\/11\/alternativas4-300x211.png 300w, https:\/\/world.350.org\/tierractiva\/files\/2015\/11\/alternativas4-1024x719.png 1024w, https:\/\/world.350.org\/tierractiva\/files\/2015\/11\/alternativas4-430x302.png 430w\" sizes=\"auto, (max-width: 1041px) 100vw, 1041px\" \/><\/a> <a href=\"http:\/\/world.350.org\/tierractivaperu\/files\/2015\/11\/alternativas5.png\"><img loading=\"lazy\" decoding=\"async\" class=\"aligncenter size-full wp-image-524\" src=\"http:\/\/world.350.org\/tierractivaperu\/files\/2015\/11\/alternativas5.png\" alt=\"alternativas5\" width=\"1040\" height=\"734\" srcset=\"https:\/\/world.350.org\/tierractiva\/files\/2015\/11\/alternativas5.png 1040w, https:\/\/world.350.org\/tierractiva\/files\/2015\/11\/alternativas5-300x212.png 300w, https:\/\/world.350.org\/tierractiva\/files\/2015\/11\/alternativas5-1024x723.png 1024w, https:\/\/world.350.org\/tierractiva\/files\/2015\/11\/alternativas5-430x303.png 430w\" sizes=\"auto, (max-width: 1040px) 100vw, 1040px\" \/><\/a> <a href=\"http:\/\/world.350.org\/tierractivaperu\/files\/2015\/11\/alternativas6.png\"><img loading=\"lazy\" decoding=\"async\" class=\"aligncenter size-full wp-image-525\" src=\"http:\/\/world.350.org\/tierractivaperu\/files\/2015\/11\/alternativas6.png\" alt=\"alternativas6\" width=\"1042\" height=\"733\" srcset=\"https:\/\/world.350.org\/tierractiva\/files\/2015\/11\/alternativas6.png 1042w, https:\/\/world.350.org\/tierractiva\/files\/2015\/11\/alternativas6-300x211.png 300w, https:\/\/world.350.org\/tierractiva\/files\/2015\/11\/alternativas6-1024x720.png 1024w, https:\/\/world.350.org\/tierractiva\/files\/2015\/11\/alternativas6-430x302.png 430w\" sizes=\"auto, (max-width: 1042px) 100vw, 1042px\" \/><\/a> <a href=\"http:\/\/world.350.org\/tierractivaperu\/files\/2015\/11\/alternativas7.png\"><img loading=\"lazy\" decoding=\"async\" class=\"aligncenter size-full wp-image-526\" src=\"http:\/\/world.350.org\/tierractivaperu\/files\/2015\/11\/alternativas7.png\" alt=\"alternativas7\" width=\"1041\" height=\"735\" srcset=\"https:\/\/world.350.org\/tierractiva\/files\/2015\/11\/alternativas7.png 1041w, https:\/\/world.350.org\/tierractiva\/files\/2015\/11\/alternativas7-300x212.png 300w, https:\/\/world.350.org\/tierractiva\/files\/2015\/11\/alternativas7-1024x723.png 1024w, https:\/\/world.350.org\/tierractiva\/files\/2015\/11\/alternativas7-430x304.png 430w\" sizes=\"auto, (max-width: 1041px) 100vw, 1041px\" \/><\/a> <a href=\"http:\/\/world.350.org\/tierractivaperu\/files\/2015\/11\/alternativas8.png\"><img loading=\"lazy\" decoding=\"async\" class=\"aligncenter size-full wp-image-527\" src=\"http:\/\/world.350.org\/tierractivaperu\/files\/2015\/11\/alternativas8.png\" alt=\"alternativas8\" width=\"1041\" height=\"735\" srcset=\"https:\/\/world.350.org\/tierractiva\/files\/2015\/11\/alternativas8.png 1041w, https:\/\/world.350.org\/tierractiva\/files\/2015\/11\/alternativas8-300x212.png 300w, https:\/\/world.350.org\/tierractiva\/files\/2015\/11\/alternativas8-1024x723.png 1024w, https:\/\/world.350.org\/tierractiva\/files\/2015\/11\/alternativas8-430x304.png 430w\" sizes=\"auto, (max-width: 1041px) 100vw, 1041px\" \/><\/a> <a href=\"http:\/\/world.350.org\/tierractivaperu\/files\/2015\/11\/alternativas9.png\"><img loading=\"lazy\" decoding=\"async\" class=\"aligncenter size-full wp-image-528\" src=\"http:\/\/world.350.org\/tierractivaperu\/files\/2015\/11\/alternativas9.png\" alt=\"alternativas9\" width=\"1040\" height=\"736\" srcset=\"https:\/\/world.350.org\/tierractiva\/files\/2015\/11\/alternativas9.png 1040w, https:\/\/world.350.org\/tierractiva\/files\/2015\/11\/alternativas9-300x212.png 300w, https:\/\/world.350.org\/tierractiva\/files\/2015\/11\/alternativas9-1024x725.png 1024w, https:\/\/world.350.org\/tierractiva\/files\/2015\/11\/alternativas9-430x304.png 430w\" sizes=\"auto, (max-width: 1040px) 100vw, 1040px\" \/><\/a> <a href=\"http:\/\/world.350.org\/tierractivaperu\/files\/2015\/11\/alternativas10.png\"><img loading=\"lazy\" decoding=\"async\" class=\"aligncenter size-full wp-image-529\" src=\"http:\/\/world.350.org\/tierractivaperu\/files\/2015\/11\/alternativas10.png\" alt=\"alternativas10\" width=\"1040\" height=\"735\" srcset=\"https:\/\/world.350.org\/tierractiva\/files\/2015\/11\/alternativas10.png 1040w, https:\/\/world.350.org\/tierractiva\/files\/2015\/11\/alternativas10-300x212.png 300w, https:\/\/world.350.org\/tierractiva\/files\/2015\/11\/alternativas10-1024x724.png 1024w, https:\/\/world.350.org\/tierractiva\/files\/2015\/11\/alternativas10-430x304.png 430w\" sizes=\"auto, (max-width: 1040px) 100vw, 1040px\" \/><\/a> <a href=\"http:\/\/world.350.org\/tierractivaperu\/files\/2015\/11\/alternativas11.png\"><img loading=\"lazy\" decoding=\"async\" class=\"aligncenter size-full wp-image-530\" src=\"http:\/\/world.350.org\/tierractivaperu\/files\/2015\/11\/alternativas11.png\" alt=\"alternativas11\" width=\"1040\" height=\"733\" srcset=\"https:\/\/world.350.org\/tierractiva\/files\/2015\/11\/alternativas11.png 1040w, https:\/\/world.350.org\/tierractiva\/files\/2015\/11\/alternativas11-300x211.png 300w, https:\/\/world.350.org\/tierractiva\/files\/2015\/11\/alternativas11-1024x722.png 1024w, https:\/\/world.350.org\/tierractiva\/files\/2015\/11\/alternativas11-430x303.png 430w\" sizes=\"auto, (max-width: 1040px) 100vw, 1040px\" \/><\/a> <a href=\"http:\/\/world.350.org\/tierractivaperu\/files\/2015\/11\/alternativas12.png\"><img loading=\"lazy\" decoding=\"async\" class=\"aligncenter size-full wp-image-531\" src=\"http:\/\/world.350.org\/tierractivaperu\/files\/2015\/11\/alternativas12.png\" alt=\"alternativas12\" width=\"1039\" height=\"733\" srcset=\"https:\/\/world.350.org\/tierractiva\/files\/2015\/11\/alternativas12.png 1039w, https:\/\/world.350.org\/tierractiva\/files\/2015\/11\/alternativas12-300x212.png 300w, https:\/\/world.350.org\/tierractiva\/files\/2015\/11\/alternativas12-1024x722.png 1024w, https:\/\/world.350.org\/tierractiva\/files\/2015\/11\/alternativas12-430x303.png 430w\" sizes=\"auto, (max-width: 1039px) 100vw, 1039px\" \/><\/a>\n<p><strong>Recursos adicionales:<\/strong><\/p>\n<p><span style=\"color: #ff9900;\"><strong>Dimensi\u00f3n social:<\/strong> <\/span><\/p>\n<p><a href=\"https:\/\/www.youtube.com\/watch?v=ETLqtJzKa2o\" target=\"_blank\">La civilizaci\u00f3n emp\u00e1tica, v\u00eddeo animado de Jeremy Rifkin.<\/a><\/p>\n<p><a href=\"https:\/\/www.cnvc.org\/es\/centro-para-la-comunicaci%C3%B3n-no-violenta-un-organizaci%C3%B3n-internacional-del\" target=\"_blank\">Centro para la Comunicaci\u00f3n No Violenta<\/a><\/p>\n<p><a href=\"http:\/\/www.ica-peru.org\/spa_index2.html\" target=\"_blank\">Instituto de Asuntos Culturales<\/a> \u2013 Facilitaci\u00f3n y formaci\u00f3n en procesos de grupo en todo el mundo.<\/p>\n<p><a href=\"http:\/\/preval.org\/es\/asociaci%C3%B3n-internacional-de-facilitadores-aif-iaf\" target=\"_blank\">Asociaci\u00f3n Internacional de Facilitadores <\/a>\u2013 Organiza una conferencia anual, servicio de facilitaci\u00f3n de grupo, publicaciones.<\/p>\n<p><a href=\"http:\/\/www.iap2.org\/page\/69\/?\" target=\"_blank\">Asociaci\u00f3n Internacional para la Participaci\u00f3n P\u00fablica<\/a> \u2013 Formaci\u00f3n y publicaciones relacionadas con la participaci\u00f3n ciudadana.<\/p>\n<p><a href=\"http:\/\/www.iifac.org\/\" target=\"_blank\">Instituto Internacional de Facilitaci\u00f3n y Consenso<\/a> \u2013 Bolet\u00edn mensual, cursos formativos, listado de miembros, etc.<\/p>\n<p><a href=\"https:\/\/14grapas.wordpress.com\/2013\/08\/06\/teoria-de-trabajo-de-procesos\/\" target=\"_blank\">Trabajo de Procesos, <\/a> y <a href=\"https:\/\/books.google.com.pe\/books?id=-DeqCQAAQBAJ&amp;pg=PR13&amp;lpg=PR13&amp;dq=Centro+de+Trabajo+de+Procesos+mindell&amp;source=bl&amp;ots=RflS0bwdns&amp;sig=8tyi2OE_WBii5euHjrD_DNDODzE&amp;hl=en&amp;sa=X&amp;redir_esc=y#v=onepage&amp;q=Centro%20de%20Trabajo%20de%20Procesos%20mindell&amp;f=false\" target=\"_blank\">Democracia Profunda<\/a> \u2013 Basados en el trabajo de A. Mindell.<\/p>\n<p><a href=\"http:\/\/danielgrifol.es\/que-es-la-holocracia-y-por-que-es-interesante\/\" target=\"_blank\">Holocracia<\/a> (en ingl\u00e9s: <a href=\"http:\/\/www.holocracy.org\">www.holocracy.org<\/a>)<\/p>\n<p><a href=\"http:\/\/sociocracia.net\/\" target=\"_blank\">Sociocracia <\/a><\/p>\n<p><span style=\"color: #ff9900;\"><strong>Econom\u00eda Solidaria y Ecol\u00f3gica:<\/strong><\/span><\/p>\n<p><a href=\"http:\/\/www.economiasolidaria.org\/\" target=\"_blank\">Red de Econom\u00eda Solidaria<\/a><br \/>\n<a href=\"http:\/\/www.luisrazeto.net\/\" target=\"_blank\">http:\/\/www.luisrazeto.net\/<\/a><br \/>\n<a href=\"http:\/\/www.coraggioeconomia.org\/jlc_publicaciones_ep.htm\" target=\"_blank\">http:\/\/www.coraggioeconomia.<wbr \/>org\/jlc_publicaciones_ep.htm<\/a><\/p>\n<p><a href=\"http:\/\/www.redibec.org\/\" target=\"_blank\">Red de Econom\u00eda Ecol\u00f3gica<\/a><\/p>\n<p><span style=\"color: #ff9900;\"><strong>Adicionales:<\/strong><\/span><\/p>\n<p><a href=\"http:\/\/www.casacontinental.org\" target=\"_blank\">Consejo de Asentamientos Sustentables de Am\u00e9rica Latina (CASA)<\/a><\/p>\n<p><a href=\"https:\/\/www.youtube.com\/watch?v=4GX6a2WEA1Q&amp;feature=youtu.be\">Pepe Mujica &#8211; Humano<\/a><\/p>\n<p>&nbsp;<\/p>\n","protected":false},"excerpt":{"rendered":"<p>\u00abOtro mundo no es solamente posible, sino que est\u00e1 de camino. Quiz\u00e1s muchos y muchas no estaremos para darle la<span class=\"text-cutoff\">&#8230;<\/span><\/p>\n","protected":false},"author":0,"featured_media":0,"parent":0,"menu_order":0,"comment_status":"closed","ping_status":"closed","template":"","meta":{"_acf_changed":false,"footnotes":""},"class_list":["post-505","page","type-page","status-publish","hentry"],"acf":[],"_links":{"self":[{"href":"https:\/\/world.350.org\/tierractiva\/wp-json\/wp\/v2\/pages\/505","targetHints":{"allow":["GET"]}}],"collection":[{"href":"https:\/\/world.350.org\/tierractiva\/wp-json\/wp\/v2\/pages"}],"about":[{"href":"https:\/\/world.350.org\/tierractiva\/wp-json\/wp\/v2\/types\/page"}],"replies":[{"embeddable":true,"href":"https:\/\/world.350.org\/tierractiva\/wp-json\/wp\/v2\/comments?post=505"}],"version-history":[{"count":0,"href":"https:\/\/world.350.org\/tierractiva\/wp-json\/wp\/v2\/pages\/505\/revisions"}],"wp:attachment":[{"href":"https:\/\/world.350.org\/tierractiva\/wp-json\/wp\/v2\/media?parent=505"}],"curies":[{"name":"wp","href":"https:\/\/api.w.org\/{rel}","templated":true}]}}