{"id":469,"date":"2015-11-13T21:42:59","date_gmt":"2015-11-14T02:42:59","guid":{"rendered":"http:\/\/world.350.org\/tierractivaperu\/?page_id=469"},"modified":"2015-11-16T22:44:01","modified_gmt":"2015-11-17T03:44:01","slug":"cambio-climatico","status":"publish","type":"page","link":"https:\/\/world.350.org\/tierractiva\/cambio-climatico\/","title":{"rendered":"CAMBIO CLIM\u00c1TICO"},"content":{"rendered":"<p>En este manual, presentamos algunos conceptos claves de manera introductoria:<\/p>\n<h4><strong>\u00bfQu\u00e9 es el cambio clim\u00e1tico?<\/strong><\/h4>\n<p>Los l\u00edmites de 1.5 y 2 grados Celsius; 400 partes por mill\u00f3n y el presupuesto global de carbono; las vulnerabilidades del Per\u00fa ante el cambio clim\u00e1tico.<\/p>\n<h4>Impactos diferenciados del cambio clim\u00e1tico<\/h4>\n<p>Impactos diferenciados en \u00e1reas rurales y urbanas; agricultura y cambio clim\u00e1tico en el Per\u00fa; impactos diferenciados y desigualdad econ\u00f3mica; g\u00e9nero y cambio clim\u00e1tico; pueblos ind\u00edgenas.<\/p>\n<h4>Negociaciones clim\u00e1ticas internacionales<\/h4>\n<p><span style=\"color: #000000;\">Los principios de equidad y responsabilidades comunes pero diferenciadas; <\/span>financiamiento clim\u00e1tico; la brecha de emisiones; contribuciones clim\u00e1ticas (INDCs) en el Per\u00fa y el mundo; el fin de la era de los combustibles f\u00f3siles.<\/p>\n<h4><strong>Mitigaci\u00f3n y adaptaci\u00f3n en el Per\u00fa<\/strong><\/h4>\n<p>Nuestras emisiones; iniciativas de adaptaci\u00f3n; <span style=\"color: #000000;\">legislaci\u00f3n <\/span>nacional y local sobre cambio clim\u00e1tico.<\/p>\n<p><a href=\"https:\/\/www.scribd.com\/doc\/289675273\/SOMOS-TIERRA-Manual-sobre-cambio-climatico-e-impactos-diferenciados-para-jovenes-activistas\" target=\"_blank\">Puedes descargar la versi\u00f3n en PDF aqu\u00ed.<\/a><\/p>\n<p>&nbsp;<\/p>\n<a href=\"http:\/\/world.350.org\/tierractivaperu\/files\/2015\/11\/Captura-de-pantalla-2015-11-13-a-las-7.31.43-PM.png\"><img loading=\"lazy\" decoding=\"async\" class=\"aligncenter size-full wp-image-470\" src=\"http:\/\/world.350.org\/tierractivaperu\/files\/2015\/11\/Captura-de-pantalla-2015-11-13-a-las-7.31.43-PM.png\" alt=\"somostierra1\" width=\"1042\" height=\"735\" srcset=\"https:\/\/world.350.org\/tierractiva\/files\/2015\/11\/Captura-de-pantalla-2015-11-13-a-las-7.31.43-PM.png 1042w, https:\/\/world.350.org\/tierractiva\/files\/2015\/11\/Captura-de-pantalla-2015-11-13-a-las-7.31.43-PM-300x212.png 300w, https:\/\/world.350.org\/tierractiva\/files\/2015\/11\/Captura-de-pantalla-2015-11-13-a-las-7.31.43-PM-1024x722.png 1024w, https:\/\/world.350.org\/tierractiva\/files\/2015\/11\/Captura-de-pantalla-2015-11-13-a-las-7.31.43-PM-430x303.png 430w\" sizes=\"auto, (max-width: 1042px) 100vw, 1042px\" \/><\/a><a href=\"http:\/\/world.350.org\/tierractivaperu\/files\/2015\/11\/Captura-de-pantalla-2015-11-13-a-las-7.31.56-PM.png\"><img loading=\"lazy\" decoding=\"async\" class=\"aligncenter size-full wp-image-471\" src=\"http:\/\/world.350.org\/tierractivaperu\/files\/2015\/11\/Captura-de-pantalla-2015-11-13-a-las-7.31.56-PM.png\" alt=\"somostierra2\" width=\"1041\" height=\"733\" srcset=\"https:\/\/world.350.org\/tierractiva\/files\/2015\/11\/Captura-de-pantalla-2015-11-13-a-las-7.31.56-PM.png 1041w, https:\/\/world.350.org\/tierractiva\/files\/2015\/11\/Captura-de-pantalla-2015-11-13-a-las-7.31.56-PM-300x211.png 300w, https:\/\/world.350.org\/tierractiva\/files\/2015\/11\/Captura-de-pantalla-2015-11-13-a-las-7.31.56-PM-1024x721.png 1024w, https:\/\/world.350.org\/tierractiva\/files\/2015\/11\/Captura-de-pantalla-2015-11-13-a-las-7.31.56-PM-430x303.png 430w\" sizes=\"auto, (max-width: 1041px) 100vw, 1041px\" \/><\/a><a href=\"http:\/\/world.350.org\/tierractivaperu\/files\/2015\/11\/Captura-de-pantalla-2015-11-13-a-las-7.32.10-PM.png\"><img loading=\"lazy\" decoding=\"async\" class=\"aligncenter size-full wp-image-472\" src=\"http:\/\/world.350.org\/tierractivaperu\/files\/2015\/11\/Captura-de-pantalla-2015-11-13-a-las-7.32.10-PM.png\" alt=\"somostierra3\" width=\"1040\" height=\"734\" srcset=\"https:\/\/world.350.org\/tierractiva\/files\/2015\/11\/Captura-de-pantalla-2015-11-13-a-las-7.32.10-PM.png 1040w, https:\/\/world.350.org\/tierractiva\/files\/2015\/11\/Captura-de-pantalla-2015-11-13-a-las-7.32.10-PM-300x212.png 300w, https:\/\/world.350.org\/tierractiva\/files\/2015\/11\/Captura-de-pantalla-2015-11-13-a-las-7.32.10-PM-1024x723.png 1024w, https:\/\/world.350.org\/tierractiva\/files\/2015\/11\/Captura-de-pantalla-2015-11-13-a-las-7.32.10-PM-430x303.png 430w\" sizes=\"auto, (max-width: 1040px) 100vw, 1040px\" \/><\/a><a href=\"http:\/\/world.350.org\/tierractivaperu\/files\/2015\/11\/Captura-de-pantalla-2015-11-13-a-las-7.32.30-PM.png\"><img loading=\"lazy\" decoding=\"async\" class=\"aligncenter size-full wp-image-473\" src=\"http:\/\/world.350.org\/tierractivaperu\/files\/2015\/11\/Captura-de-pantalla-2015-11-13-a-las-7.32.30-PM.png\" alt=\"somostierra4\" width=\"1039\" height=\"732\" srcset=\"https:\/\/world.350.org\/tierractiva\/files\/2015\/11\/Captura-de-pantalla-2015-11-13-a-las-7.32.30-PM.png 1039w, https:\/\/world.350.org\/tierractiva\/files\/2015\/11\/Captura-de-pantalla-2015-11-13-a-las-7.32.30-PM-300x211.png 300w, https:\/\/world.350.org\/tierractiva\/files\/2015\/11\/Captura-de-pantalla-2015-11-13-a-las-7.32.30-PM-1024x721.png 1024w, https:\/\/world.350.org\/tierractiva\/files\/2015\/11\/Captura-de-pantalla-2015-11-13-a-las-7.32.30-PM-430x303.png 430w\" sizes=\"auto, (max-width: 1039px) 100vw, 1039px\" \/><\/a><a href=\"http:\/\/world.350.org\/tierractivaperu\/files\/2015\/11\/somostierra5.png\"><img loading=\"lazy\" decoding=\"async\" class=\"aligncenter size-full wp-image-497\" src=\"http:\/\/world.350.org\/tierractivaperu\/files\/2015\/11\/somostierra5.png\" alt=\"somostierra5\" width=\"1041\" height=\"734\" srcset=\"https:\/\/world.350.org\/tierractiva\/files\/2015\/11\/somostierra5.png 1041w, https:\/\/world.350.org\/tierractiva\/files\/2015\/11\/somostierra5-300x212.png 300w, https:\/\/world.350.org\/tierractiva\/files\/2015\/11\/somostierra5-1024x722.png 1024w, https:\/\/world.350.org\/tierractiva\/files\/2015\/11\/somostierra5-430x303.png 430w\" sizes=\"auto, (max-width: 1041px) 100vw, 1041px\" \/><\/a>\n<p>&nbsp;<\/p>\n<p>&nbsp;<\/p>\n<a href=\"http:\/\/world.350.org\/tierractivaperu\/files\/2015\/11\/somostierra6.png\"><img loading=\"lazy\" decoding=\"async\" class=\"aligncenter size-full wp-image-475\" src=\"http:\/\/world.350.org\/tierractivaperu\/files\/2015\/11\/somostierra6.png\" alt=\"somostierra6\" width=\"1039\" height=\"736\" srcset=\"https:\/\/world.350.org\/tierractiva\/files\/2015\/11\/somostierra6.png 1039w, https:\/\/world.350.org\/tierractiva\/files\/2015\/11\/somostierra6-300x213.png 300w, https:\/\/world.350.org\/tierractiva\/files\/2015\/11\/somostierra6-1024x725.png 1024w, https:\/\/world.350.org\/tierractiva\/files\/2015\/11\/somostierra6-430x305.png 430w\" sizes=\"auto, (max-width: 1039px) 100vw, 1039px\" \/><\/a><a href=\"http:\/\/world.350.org\/tierractivaperu\/files\/2015\/11\/somostierra7.png\"><img loading=\"lazy\" decoding=\"async\" class=\"aligncenter size-full wp-image-476\" src=\"http:\/\/world.350.org\/tierractivaperu\/files\/2015\/11\/somostierra7.png\" alt=\"somostierra7\" width=\"1041\" height=\"733\" srcset=\"https:\/\/world.350.org\/tierractiva\/files\/2015\/11\/somostierra7.png 1041w, https:\/\/world.350.org\/tierractiva\/files\/2015\/11\/somostierra7-300x211.png 300w, https:\/\/world.350.org\/tierractiva\/files\/2015\/11\/somostierra7-1024x721.png 1024w, https:\/\/world.350.org\/tierractiva\/files\/2015\/11\/somostierra7-430x303.png 430w\" sizes=\"auto, (max-width: 1041px) 100vw, 1041px\" \/><\/a><a href=\"http:\/\/world.350.org\/tierractivaperu\/files\/2015\/11\/somostierra8.png\"><img loading=\"lazy\" decoding=\"async\" class=\"aligncenter size-full wp-image-477\" src=\"http:\/\/world.350.org\/tierractivaperu\/files\/2015\/11\/somostierra8.png\" alt=\"somostierra8\" width=\"1040\" height=\"735\" srcset=\"https:\/\/world.350.org\/tierractiva\/files\/2015\/11\/somostierra8.png 1040w, https:\/\/world.350.org\/tierractiva\/files\/2015\/11\/somostierra8-300x212.png 300w, https:\/\/world.350.org\/tierractiva\/files\/2015\/11\/somostierra8-1024x724.png 1024w, https:\/\/world.350.org\/tierractiva\/files\/2015\/11\/somostierra8-430x304.png 430w\" sizes=\"auto, (max-width: 1040px) 100vw, 1040px\" \/><\/a><a href=\"http:\/\/world.350.org\/tierractivaperu\/files\/2015\/11\/somostierra9.png\"><img loading=\"lazy\" decoding=\"async\" class=\"aligncenter size-full wp-image-502\" src=\"http:\/\/world.350.org\/tierractivaperu\/files\/2015\/11\/somostierra9.png\" alt=\"somostierra9\" width=\"1041\" height=\"734\" srcset=\"https:\/\/world.350.org\/tierractiva\/files\/2015\/11\/somostierra9.png 1041w, https:\/\/world.350.org\/tierractiva\/files\/2015\/11\/somostierra9-300x212.png 300w, https:\/\/world.350.org\/tierractiva\/files\/2015\/11\/somostierra9-1024x722.png 1024w, https:\/\/world.350.org\/tierractiva\/files\/2015\/11\/somostierra9-430x303.png 430w\" sizes=\"auto, (max-width: 1041px) 100vw, 1041px\" \/><\/a><a href=\"http:\/\/world.350.org\/tierractivaperu\/files\/2015\/11\/somostierra10.png\"><img loading=\"lazy\" decoding=\"async\" class=\"aligncenter size-full wp-image-479\" src=\"http:\/\/world.350.org\/tierractivaperu\/files\/2015\/11\/somostierra10.png\" alt=\"somostierra10\" width=\"1042\" height=\"738\" srcset=\"https:\/\/world.350.org\/tierractiva\/files\/2015\/11\/somostierra10.png 1042w, https:\/\/world.350.org\/tierractiva\/files\/2015\/11\/somostierra10-300x212.png 300w, https:\/\/world.350.org\/tierractiva\/files\/2015\/11\/somostierra10-1024x725.png 1024w, https:\/\/world.350.org\/tierractiva\/files\/2015\/11\/somostierra10-430x305.png 430w\" sizes=\"auto, (max-width: 1042px) 100vw, 1042px\" \/><\/a><a href=\"http:\/\/world.350.org\/tierractivaperu\/files\/2015\/11\/somostierra11.png\"><img loading=\"lazy\" decoding=\"async\" class=\"aligncenter size-full wp-image-480\" src=\"http:\/\/world.350.org\/tierractivaperu\/files\/2015\/11\/somostierra11.png\" alt=\"somostierra11\" width=\"1040\" height=\"738\" srcset=\"https:\/\/world.350.org\/tierractiva\/files\/2015\/11\/somostierra11.png 1040w, https:\/\/world.350.org\/tierractiva\/files\/2015\/11\/somostierra11-300x213.png 300w, https:\/\/world.350.org\/tierractiva\/files\/2015\/11\/somostierra11-1024x727.png 1024w, https:\/\/world.350.org\/tierractiva\/files\/2015\/11\/somostierra11-430x305.png 430w\" sizes=\"auto, (max-width: 1040px) 100vw, 1040px\" \/><\/a><a href=\"http:\/\/world.350.org\/tierractivaperu\/files\/2015\/11\/somostierra12.png\"><img loading=\"lazy\" decoding=\"async\" class=\"aligncenter size-full wp-image-481\" src=\"http:\/\/world.350.org\/tierractivaperu\/files\/2015\/11\/somostierra12.png\" alt=\"somostierra12\" width=\"1040\" height=\"734\" srcset=\"https:\/\/world.350.org\/tierractiva\/files\/2015\/11\/somostierra12.png 1040w, https:\/\/world.350.org\/tierractiva\/files\/2015\/11\/somostierra12-300x212.png 300w, https:\/\/world.350.org\/tierractiva\/files\/2015\/11\/somostierra12-1024x723.png 1024w, https:\/\/world.350.org\/tierractiva\/files\/2015\/11\/somostierra12-430x303.png 430w\" sizes=\"auto, (max-width: 1040px) 100vw, 1040px\" \/><\/a><a href=\"http:\/\/world.350.org\/tierractivaperu\/files\/2015\/11\/somostierra131.png\"><img loading=\"lazy\" decoding=\"async\" class=\"aligncenter size-full wp-image-499\" src=\"http:\/\/world.350.org\/tierractivaperu\/files\/2015\/11\/somostierra131.png\" alt=\"somostierra13\" width=\"1040\" height=\"731\" srcset=\"https:\/\/world.350.org\/tierractiva\/files\/2015\/11\/somostierra131.png 1040w, https:\/\/world.350.org\/tierractiva\/files\/2015\/11\/somostierra131-300x211.png 300w, https:\/\/world.350.org\/tierractiva\/files\/2015\/11\/somostierra131-1024x720.png 1024w, https:\/\/world.350.org\/tierractiva\/files\/2015\/11\/somostierra131-430x302.png 430w\" sizes=\"auto, (max-width: 1040px) 100vw, 1040px\" \/><\/a><a href=\"http:\/\/world.350.org\/tierractivaperu\/files\/2015\/11\/somostierra14.png\"><img loading=\"lazy\" decoding=\"async\" class=\"aligncenter size-full wp-image-483\" src=\"http:\/\/world.350.org\/tierractivaperu\/files\/2015\/11\/somostierra14.png\" alt=\"somostierra14\" width=\"1042\" height=\"733\" srcset=\"https:\/\/world.350.org\/tierractiva\/files\/2015\/11\/somostierra14.png 1042w, https:\/\/world.350.org\/tierractiva\/files\/2015\/11\/somostierra14-300x211.png 300w, https:\/\/world.350.org\/tierractiva\/files\/2015\/11\/somostierra14-1024x720.png 1024w, https:\/\/world.350.org\/tierractiva\/files\/2015\/11\/somostierra14-430x302.png 430w\" sizes=\"auto, (max-width: 1042px) 100vw, 1042px\" \/><\/a><a href=\"http:\/\/world.350.org\/tierractivaperu\/files\/2015\/11\/somostierra15.png\"><img loading=\"lazy\" decoding=\"async\" class=\"aligncenter size-full wp-image-484\" src=\"http:\/\/world.350.org\/tierractivaperu\/files\/2015\/11\/somostierra15.png\" alt=\"somostierra15\" width=\"1040\" height=\"734\" srcset=\"https:\/\/world.350.org\/tierractiva\/files\/2015\/11\/somostierra15.png 1040w, https:\/\/world.350.org\/tierractiva\/files\/2015\/11\/somostierra15-300x212.png 300w, https:\/\/world.350.org\/tierractiva\/files\/2015\/11\/somostierra15-1024x723.png 1024w, https:\/\/world.350.org\/tierractiva\/files\/2015\/11\/somostierra15-430x303.png 430w\" sizes=\"auto, (max-width: 1040px) 100vw, 1040px\" \/><\/a><a href=\"http:\/\/world.350.org\/tierractivaperu\/files\/2015\/11\/somostierra16.png\"><img loading=\"lazy\" decoding=\"async\" class=\"aligncenter size-full wp-image-485\" src=\"http:\/\/world.350.org\/tierractivaperu\/files\/2015\/11\/somostierra16.png\" alt=\"somostierra16\" width=\"1042\" height=\"735\" srcset=\"https:\/\/world.350.org\/tierractiva\/files\/2015\/11\/somostierra16.png 1042w, https:\/\/world.350.org\/tierractiva\/files\/2015\/11\/somostierra16-300x212.png 300w, https:\/\/world.350.org\/tierractiva\/files\/2015\/11\/somostierra16-1024x722.png 1024w, https:\/\/world.350.org\/tierractiva\/files\/2015\/11\/somostierra16-430x303.png 430w\" sizes=\"auto, (max-width: 1042px) 100vw, 1042px\" \/><\/a><a href=\"http:\/\/world.350.org\/tierractivaperu\/files\/2015\/11\/somostierra17.png\"><img loading=\"lazy\" decoding=\"async\" class=\"aligncenter size-full wp-image-486\" src=\"http:\/\/world.350.org\/tierractivaperu\/files\/2015\/11\/somostierra17.png\" alt=\"somostierra17\" width=\"1040\" height=\"736\" srcset=\"https:\/\/world.350.org\/tierractiva\/files\/2015\/11\/somostierra17.png 1040w, https:\/\/world.350.org\/tierractiva\/files\/2015\/11\/somostierra17-300x212.png 300w, https:\/\/world.350.org\/tierractiva\/files\/2015\/11\/somostierra17-1024x725.png 1024w, https:\/\/world.350.org\/tierractiva\/files\/2015\/11\/somostierra17-430x304.png 430w\" sizes=\"auto, (max-width: 1040px) 100vw, 1040px\" \/><\/a><a href=\"http:\/\/world.350.org\/tierractivaperu\/files\/2015\/11\/somostierra18.png\"><img loading=\"lazy\" decoding=\"async\" class=\"aligncenter size-full wp-image-487\" src=\"http:\/\/world.350.org\/tierractivaperu\/files\/2015\/11\/somostierra18.png\" alt=\"somostierra18\" width=\"1041\" height=\"735\" srcset=\"https:\/\/world.350.org\/tierractiva\/files\/2015\/11\/somostierra18.png 1041w, https:\/\/world.350.org\/tierractiva\/files\/2015\/11\/somostierra18-300x212.png 300w, https:\/\/world.350.org\/tierractiva\/files\/2015\/11\/somostierra18-1024x723.png 1024w, https:\/\/world.350.org\/tierractiva\/files\/2015\/11\/somostierra18-430x304.png 430w\" sizes=\"auto, (max-width: 1041px) 100vw, 1041px\" \/><\/a><a href=\"http:\/\/world.350.org\/tierractivaperu\/files\/2015\/11\/somostierra19.png\"><img loading=\"lazy\" decoding=\"async\" class=\"aligncenter size-full wp-image-500\" src=\"http:\/\/world.350.org\/tierractivaperu\/files\/2015\/11\/somostierra19.png\" alt=\"somostierra19\" width=\"1040\" height=\"733\" srcset=\"https:\/\/world.350.org\/tierractiva\/files\/2015\/11\/somostierra19.png 1040w, https:\/\/world.350.org\/tierractiva\/files\/2015\/11\/somostierra19-300x211.png 300w, https:\/\/world.350.org\/tierractiva\/files\/2015\/11\/somostierra19-1024x722.png 1024w, https:\/\/world.350.org\/tierractiva\/files\/2015\/11\/somostierra19-430x303.png 430w\" sizes=\"auto, (max-width: 1040px) 100vw, 1040px\" \/><\/a><a href=\"http:\/\/world.350.org\/tierractivaperu\/files\/2015\/11\/somostierra20.png\"><img loading=\"lazy\" decoding=\"async\" class=\"aligncenter size-full wp-image-489\" src=\"http:\/\/world.350.org\/tierractivaperu\/files\/2015\/11\/somostierra20.png\" alt=\"somostierra20\" width=\"1042\" height=\"733\" srcset=\"https:\/\/world.350.org\/tierractiva\/files\/2015\/11\/somostierra20.png 1042w, https:\/\/world.350.org\/tierractiva\/files\/2015\/11\/somostierra20-300x211.png 300w, https:\/\/world.350.org\/tierractiva\/files\/2015\/11\/somostierra20-1024x720.png 1024w, https:\/\/world.350.org\/tierractiva\/files\/2015\/11\/somostierra20-430x302.png 430w\" sizes=\"auto, (max-width: 1042px) 100vw, 1042px\" \/><\/a>\n<p>Recursos adicionales:<\/p>\n<p><a href=\"http:\/\/civilsocietyreview.org\/2015\/10\/19\/la-sociedad-civil-publica-un-analisis-de-las-metas-nacionales-de-cambio-climatico\/\" target=\"_blank\">La justa parte: an\u00e1lisis de la sociedad civil de las metas nacionales de cambio clim\u00e1tico<\/a><\/p>\n<p><a href=\"https:\/\/www.oxfam.org\/sites\/www.oxfam.org\/files\/file_attachments\/bp191-fossi-sp.pdf\" target=\"_blank\">Alimentaci\u00f3n, combustibles f\u00f3siles y fondos sucios (Oxfam)<\/a><\/p>\n<p><a href=\"https:\/\/ciat.cgiar.org\/wp-content\/uploads\/2014\/10\/genero_cambio_climatico.pdf\" target=\"_blank\">G\u00e9nero, cambio clim\u00e1tico y agricultura (CGIAR)<\/a><\/p>\n<p><a href=\"http:\/\/www.cop20.pe\/caja-de-herramientas\/material-de-la-sociedad-civil-2\/material-de-las-mujeres-frente-al-cambio-climatico\/\" target=\"_blank\">Material de G\u00e9nero y Cambio Clim\u00e1tico (COP20)<\/a><\/p>\n<p><a href=\"https:\/\/www.scribd.com\/doc\/242540906\/Conceptos-basicos-sobre-cambio-climatico\" target=\"_blank\">Conceptos b\u00e1sicos sobre el cambio clim\u00e1tico (Caja de Herramientas COP20)<\/a><\/p>\n<p><a href=\"http:\/\/conexioncop.com\/introduccion-al-financiamiento-climatico\/\" target=\"_blank\">Introducci\u00f3n al Financiamiento Clim\u00e1tico (Conexi\u00f3nCOP)<\/a><\/p>\n<p><a href=\"http:\/\/www.paccperu.org.pe\/\" target=\"_blank\">Programa de Adaptaci\u00f3n al Cambio Clim\u00e1tico &#8211; Per\u00fa<\/a><\/p>\n<p><a href=\"http:\/\/www.minam.gob.pe\/wp-content\/uploads\/2015\/09\/ENCC-FINAL-250915-web.pdf\" target=\"_blank\">Estrategia Nacional ante el Cambio Clim\u00e1tico &#8211; 2015<\/a><\/p>\n<p><a href=\"http:\/\/www.planccperu.org\" target=\"_blank\">Plan CC<\/a><\/p>\n","protected":false},"excerpt":{"rendered":"<p>En este manual, presentamos algunos conceptos claves de manera introductoria: \u00bfQu\u00e9 es el cambio clim\u00e1tico? Los l\u00edmites de 1.5 y<span class=\"text-cutoff\">&#8230;<\/span><\/p>\n","protected":false},"author":0,"featured_media":0,"parent":0,"menu_order":0,"comment_status":"closed","ping_status":"closed","template":"","meta":{"_acf_changed":false,"footnotes":""},"class_list":["post-469","page","type-page","status-publish","hentry"],"acf":[],"_links":{"self":[{"href":"https:\/\/world.350.org\/tierractiva\/wp-json\/wp\/v2\/pages\/469","targetHints":{"allow":["GET"]}}],"collection":[{"href":"https:\/\/world.350.org\/tierractiva\/wp-json\/wp\/v2\/pages"}],"about":[{"href":"https:\/\/world.350.org\/tierractiva\/wp-json\/wp\/v2\/types\/page"}],"replies":[{"embeddable":true,"href":"https:\/\/world.350.org\/tierractiva\/wp-json\/wp\/v2\/comments?post=469"}],"version-history":[{"count":0,"href":"https:\/\/world.350.org\/tierractiva\/wp-json\/wp\/v2\/pages\/469\/revisions"}],"wp:attachment":[{"href":"https:\/\/world.350.org\/tierractiva\/wp-json\/wp\/v2\/media?parent=469"}],"curies":[{"name":"wp","href":"https:\/\/api.w.org\/{rel}","templated":true}]}}