{"id":443,"date":"2015-11-01T10:59:52","date_gmt":"2015-11-01T15:59:52","guid":{"rendered":"http:\/\/world.350.org\/tierractivaperu\/?page_id=443"},"modified":"2015-11-01T10:59:52","modified_gmt":"2015-11-01T15:59:52","slug":"contenidos","status":"publish","type":"page","link":"https:\/\/world.350.org\/tierractiva\/contenidos\/","title":{"rendered":"Contenidos"},"content":{"rendered":"<p>Para los Encuentros Macro-Regionales 2015 tenemos tres ejes tem\u00e1ticos:<\/p>\n<ul>\n<li>EL AGUA: GESTI\u00d3N DE CUENCAS Y RECURSOS H\u00cdDRICOS<\/li>\n<li>CAMBIO CLIM\u00c1TICO E IMPACTOS DIFERENCIADOS<\/li>\n<li>ALTERNATIVAS DE CAMBIO SIST\u00c9MICO<\/li>\n<\/ul>\n<p>En esta secci\u00f3n, publicamos los manuales que hemos desarrollado sobre cada uno de estos temas, con el objetivo de <span style=\"color: #ff6600;\"><strong>brindar herramientas para ayudar a informar e impulsar acciones y propuestas<\/strong><\/span> sobre estos ejes en nuestros territorios.<\/p>\n<p>Tambi\u00e9n hemos listado algunos recursos adicionales y enlaces de inter\u00e9s.<\/p>\n<p>&nbsp;<\/p>\n<p>&nbsp;<\/p>\n","protected":false},"excerpt":{"rendered":"<p>Para los Encuentros Macro-Regionales 2015 tenemos tres ejes tem\u00e1ticos: EL AGUA: GESTI\u00d3N DE CUENCAS Y RECURSOS H\u00cdDRICOS CAMBIO CLIM\u00c1TICO E<span class=\"text-cutoff\">&#8230;<\/span><\/p>\n","protected":false},"author":0,"featured_media":0,"parent":0,"menu_order":0,"comment_status":"closed","ping_status":"closed","template":"","meta":{"_acf_changed":false,"footnotes":""},"class_list":["post-443","page","type-page","status-publish","hentry"],"acf":[],"_links":{"self":[{"href":"https:\/\/world.350.org\/tierractiva\/wp-json\/wp\/v2\/pages\/443","targetHints":{"allow":["GET"]}}],"collection":[{"href":"https:\/\/world.350.org\/tierractiva\/wp-json\/wp\/v2\/pages"}],"about":[{"href":"https:\/\/world.350.org\/tierractiva\/wp-json\/wp\/v2\/types\/page"}],"replies":[{"embeddable":true,"href":"https:\/\/world.350.org\/tierractiva\/wp-json\/wp\/v2\/comments?post=443"}],"version-history":[{"count":0,"href":"https:\/\/world.350.org\/tierractiva\/wp-json\/wp\/v2\/pages\/443\/revisions"}],"wp:attachment":[{"href":"https:\/\/world.350.org\/tierractiva\/wp-json\/wp\/v2\/media?parent=443"}],"curies":[{"name":"wp","href":"https:\/\/api.w.org\/{rel}","templated":true}]}}