{"id":353,"date":"2015-09-11T11:52:13","date_gmt":"2015-09-11T16:52:13","guid":{"rendered":"http:\/\/world.350.org\/tierractivaperu\/?page_id=353"},"modified":"2015-09-28T10:39:56","modified_gmt":"2015-09-28T15:39:56","slug":"talleres","status":"publish","type":"page","link":"https:\/\/world.350.org\/tierractiva\/talleres\/","title":{"rendered":"Metodolog\u00eda y recursos sobre facilitaci\u00f3n"},"content":{"rendered":"<p>Nuestra metodolog\u00eda se basa en la educaci\u00f3n popular, con aportes de la Pedagog\u00eda del Oprimido de Paulo Freire, y del aprendizaje significativo y el constructivismo.<\/p>\n<p>La metodolog\u00eda de educaci\u00f3n popular de Freire busca la transformaci\u00f3n de la sociedad mediante el di\u00e1logo y procesos de auto-conocimiento; el aprendizaje org\u00e1nico (por ejemplo, el llegar de maneras naturales e intuitivas a definiciones en lugar de ser brindad@s los conceptos); la concientizaci\u00f3n y el reconocimiento cr\u00edtico de la realidad; y la construcci\u00f3n de nuevas pr\u00e1cticas y formas de actuar sobre la realidad.<\/p>\n<p>En nuestras talleres, buscamos evitar modelos tradicionales de organizacio\u0301n de eventos, en los cuales muchas veces nos reunimos a escuchar ponencias de \u201cexpertos\u201d y luego tenemos 10 minutos para un intercambio. El aprendizaje significativo nos se\u00f1ala que valoremos nuestros conocimientos previos, as\u00ed como las diversas formas de aprender: desde la reflexi\u00f3n y el cuestionar nuestro sentido com\u00fan, hasta la pr\u00e1ctica: el saber hacer, saber ser, saber estar&#8230;<\/p>\n<p>Es importante tener momentos para contenidos, momentos para el intercambio -el aprender de nosotrxs mismxs y las experiencias que traemos-, momentos para la reflexi\u00f3n -personal y\/o grupal-, y momentos para la creatividad y la acci\u00f3n.<\/p>\n<p><em>Algunas actividades que recomendamos son: el trueque de conocimientos o espacio abierto, el mapeo participativo, las sesiones de artivismo (activismo creativo), las peceras, el caf\u00e9 mundial, y el uso del arte y del teatro. Pronto publicaremos mayores detalles sobre estas din\u00e1micas.<\/em><\/p>\n<p>Aqu\u00ed algunos recursos de facilitaci\u00f3n, gracias a Training for Trainers:<a href=\"http:\/\/ge.tt\/9Q1IBoK?c\"> http:\/\/ge.tt\/9Q1IBoK?c<\/a><\/p>\n<p>Manual de Mapeo Colectivo, gracias a Iconoclasistas: <a href=\"http:\/\/www.iconoclasistas.net\/post\/manual-de-mapeo-colectivo-en-pdf\/\" target=\"_blank\">http:\/\/www.iconoclasistas.net\/post\/manual-de-mapeo-colectivo-en-pdf\/<\/a><\/p>\n<p>El Caj\u00f3n de Herramientas para otro mundo posible (din\u00e1micas grupales, contenidos sobre econom\u00eda alternativa, agroecolog\u00eda): <a href=\"http:\/\/cajondeherramientas.com.ar\/\" target=\"_blank\">http:\/\/cajondeherramientas.com.ar\/<\/a><\/p>\n<p>Estrategias de info-activismo y comunicaci\u00f3n: <a href=\"https:\/\/archive.informationactivism.org\/es\" target=\"_blank\">http:\/\/archive.informationactivism.org\/es<\/a><\/p>\n","protected":false},"excerpt":{"rendered":"<p>Nuestra metodolog\u00eda se basa en la educaci\u00f3n popular, con aportes de la Pedagog\u00eda del Oprimido de Paulo Freire, y del<span class=\"text-cutoff\">&#8230;<\/span><\/p>\n","protected":false},"author":0,"featured_media":0,"parent":0,"menu_order":0,"comment_status":"closed","ping_status":"closed","template":"","meta":{"_acf_changed":false,"footnotes":""},"class_list":["post-353","page","type-page","status-publish","hentry"],"acf":[],"_links":{"self":[{"href":"https:\/\/world.350.org\/tierractiva\/wp-json\/wp\/v2\/pages\/353","targetHints":{"allow":["GET"]}}],"collection":[{"href":"https:\/\/world.350.org\/tierractiva\/wp-json\/wp\/v2\/pages"}],"about":[{"href":"https:\/\/world.350.org\/tierractiva\/wp-json\/wp\/v2\/types\/page"}],"replies":[{"embeddable":true,"href":"https:\/\/world.350.org\/tierractiva\/wp-json\/wp\/v2\/comments?post=353"}],"version-history":[{"count":0,"href":"https:\/\/world.350.org\/tierractiva\/wp-json\/wp\/v2\/pages\/353\/revisions"}],"wp:attachment":[{"href":"https:\/\/world.350.org\/tierractiva\/wp-json\/wp\/v2\/media?parent=353"}],"curies":[{"name":"wp","href":"https:\/\/api.w.org\/{rel}","templated":true}]}}